{"id":768,"date":"2023-03-10T14:17:56","date_gmt":"2023-03-10T13:17:56","guid":{"rendered":"https:\/\/cwape-test-cms-draft.comaseinfo-support.be\/accueil\/"},"modified":"2023-06-21T14:18:05","modified_gmt":"2023-06-21T12:18:05","slug":"accueil","status":"publish","type":"page","link":"https:\/\/cwape-test-cms-draft.comaseinfo-support.be\/nl\/","title":{"rendered":"Accueil"},"content":{"rendered":"\t\t<div data-elementor-type=\"wp-page\" data-elementor-id=\"768\" class=\"elementor elementor-768 elementor-557\" data-elementor-post-type=\"page\">\n\t\t\t\t\t\t\t\t\t<section class=\"elementor-section elementor-top-section elementor-element elementor-element-623909b7 elementor-section-height-min-height elementor-section-items-stretch elementor-section-content-middle elementor-section-boxed elementor-section-height-default\" data-id=\"623909b7\" data-element_type=\"section\" data-settings=\"{&quot;background_background&quot;:&quot;classic&quot;}\">\n\t\t\t\t\t\t<div class=\"elementor-container elementor-column-gap-no\">\n\t\t\t\t\t<div class=\"elementor-column elementor-col-100 elementor-top-column elementor-element elementor-element-55ae3522\" data-id=\"55ae3522\" data-element_type=\"column\">\n\t\t\t<div class=\"elementor-widget-wrap elementor-element-populated\">\n\t\t\t\t\t\t\t\t<div class=\"elementor-element elementor-element-78250cf1 elementor-widget elementor-widget-heading\" data-id=\"78250cf1\" data-element_type=\"widget\" data-widget_type=\"heading.default\">\n\t\t\t\t<div class=\"elementor-widget-container\">\n\t\t\t<style>\/*! elementor - v3.14.0 - 18-06-2023 *\/\n.elementor-heading-title{padding:0;margin:0;line-height:1}.elementor-widget-heading .elementor-heading-title[class*=elementor-size-]>a{color:inherit;font-size:inherit;line-height:inherit}.elementor-widget-heading .elementor-heading-title.elementor-size-small{font-size:15px}.elementor-widget-heading .elementor-heading-title.elementor-size-medium{font-size:19px}.elementor-widget-heading .elementor-heading-title.elementor-size-large{font-size:29px}.elementor-widget-heading .elementor-heading-title.elementor-size-xl{font-size:39px}.elementor-widget-heading .elementor-heading-title.elementor-size-xxl{font-size:59px}<\/style><h1 class=\"elementor-heading-title elementor-size-default\">Comparateur des offres de fournisseurs NL<\/h1>\t\t<\/div>\n\t\t\t\t<\/div>\n\t\t\t\t<div class=\"elementor-element elementor-element-20e0b882 elementor-widget elementor-widget-heading\" data-id=\"20e0b882\" data-element_type=\"widget\" data-widget_type=\"heading.default\">\n\t\t\t\t<div class=\"elementor-widget-container\">\n\t\t\t<h5 class=\"elementor-heading-title elementor-size-default\">Comparez l'ensemble des offres propos\u00e9es par les fournisseurs d'\u00e9lectricit\u00e9 et de gaz en R\u00e9gion Wallonne. draft<\/h5>\t\t<\/div>\n\t\t\t\t<\/div>\n\t\t\t\t<div class=\"elementor-element elementor-element-5b07405 elementor-widget elementor-widget-shortcode\" data-id=\"5b07405\" data-element_type=\"widget\" data-widget_type=\"shortcode.default\">\n\t\t\t\t<div class=\"elementor-widget-container\">\n\t\t\t\t\t<div class=\"elementor-shortcode\"><div style=\"position: relative; overflow: hidden; width: 100%; padding-top: 57.25%; min-height: 500px\" class=\"container\">\r\n                <iframe class=\"responsive-iframe\"  style=\"position: absolute; top: 0;left: 0;bottom: 0;right: 0;width: 100%;height: 100%;\" width=\"100%\" src=\"https:\/\/cwape-test.comaseinfo-support.be\/nl-BE\/?theme=light\"><\/iframe>\r\n            <\/div><\/div>\n\t\t\t\t<\/div>\n\t\t\t\t<\/div>\n\t\t\t\t\t<\/div>\n\t\t<\/div>\n\t\t\t\t\t\t\t<\/div>\n\t\t<\/section>\n\t\t\t\t\t\t\t<\/div>\n\t\t","protected":false},"excerpt":{"rendered":"<p>Comparateur des offres de fournisseurs NL Comparez l&#8217;ensemble des offres propos\u00e9es par les fournisseurs d&#8217;\u00e9lectricit\u00e9 et de gaz en R\u00e9gion Wallonne. draft<\/p>\n","protected":false},"author":1,"featured_media":362,"parent":0,"menu_order":0,"comment_status":"closed","ping_status":"closed","template":"elementor_header_footer","meta":{"inline_featured_image":false,"footnotes":""},"class_list":["post-768","page","type-page","status-publish","has-post-thumbnail","hentry"],"yoast_head":"<!-- This site is optimized with the Yoast SEO plugin v20.9 - https:\/\/yoast.com\/wordpress\/plugins\/seo\/ -->\n<title>Accueil - CWAPE<\/title>\n<meta name=\"robots\" content=\"noindex, follow, max-snippet:-1, max-image-preview:large, max-video-preview:-1\" \/>\n<meta property=\"og:locale\" content=\"nl_NL\" \/>\n<meta property=\"og:type\" content=\"article\" \/>\n<meta property=\"og:title\" content=\"Accueil - CWAPE\" \/>\n<meta property=\"og:description\" content=\"Comparateur des offres de fournisseurs NL Comparez l&#8217;ensemble des offres propos\u00e9es par les fournisseurs d&#8217;\u00e9lectricit\u00e9 et de gaz en R\u00e9gion Wallonne. draft\" \/>\n<meta property=\"og:url\" content=\"https:\/\/cwape-test-cms-draft.comaseinfo-support.be\/nl\/\" \/>\n<meta property=\"og:site_name\" content=\"CWAPE\" \/>\n<meta property=\"article:modified_time\" content=\"2023-06-21T12:18:05+00:00\" \/>\n<meta property=\"og:image\" content=\"https:\/\/cwape-test-cms-draft.comaseinfo-support.be\/wp-content\/uploads\/2023\/02\/Homepage-400_380.jpg\" \/>\n\t<meta property=\"og:image:width\" content=\"400\" \/>\n\t<meta property=\"og:image:height\" content=\"380\" \/>\n\t<meta property=\"og:image:type\" content=\"image\/jpeg\" \/>\n<meta name=\"twitter:card\" content=\"summary_large_image\" \/>\n<script type=\"application\/ld+json\" class=\"yoast-schema-graph\">{\"@context\":\"https:\/\/schema.org\",\"@graph\":[{\"@type\":\"WebPage\",\"@id\":\"https:\/\/cwape-test-cms-draft.comaseinfo-support.be\/nl\/\",\"url\":\"https:\/\/cwape-test-cms-draft.comaseinfo-support.be\/nl\/\",\"name\":\"Accueil - CWAPE\",\"isPartOf\":{\"@id\":\"https:\/\/cwape-test-cms-draft.comaseinfo-support.be\/nl\/#website\"},\"datePublished\":\"2023-03-10T13:17:56+00:00\",\"dateModified\":\"2023-06-21T12:18:05+00:00\",\"breadcrumb\":{\"@id\":\"https:\/\/cwape-test-cms-draft.comaseinfo-support.be\/nl\/#breadcrumb\"},\"inLanguage\":\"nl-NL\",\"potentialAction\":[{\"@type\":\"ReadAction\",\"target\":[\"https:\/\/cwape-test-cms-draft.comaseinfo-support.be\/nl\/\"]}]},{\"@type\":\"BreadcrumbList\",\"@id\":\"https:\/\/cwape-test-cms-draft.comaseinfo-support.be\/nl\/#breadcrumb\",\"itemListElement\":[{\"@type\":\"ListItem\",\"position\":1,\"name\":\"Accueil\",\"item\":\"https:\/\/cwape-test-cms-draft.comaseinfo-support.be\/nl\/accueil\/\"},{\"@type\":\"ListItem\",\"position\":2,\"name\":\"Accueil\"}]},{\"@type\":\"WebSite\",\"@id\":\"https:\/\/cwape-test-cms-draft.comaseinfo-support.be\/nl\/#website\",\"url\":\"https:\/\/cwape-test-cms-draft.comaseinfo-support.be\/nl\/\",\"name\":\"CWAPE\",\"description\":\"Comparez l&#039;ensemble des offres propos\u00e9es par les fournisseurs d&#039;\u00e9lectricit\u00e9 et de gaz en R\u00e9gion Wallonne.\",\"publisher\":{\"@id\":\"https:\/\/cwape-test-cms-draft.comaseinfo-support.be\/nl\/#organization\"},\"potentialAction\":[{\"@type\":\"SearchAction\",\"target\":{\"@type\":\"EntryPoint\",\"urlTemplate\":\"https:\/\/cwape-test-cms-draft.comaseinfo-support.be\/nl\/?s={search_term_string}\"},\"query-input\":\"required name=search_term_string\"}],\"inLanguage\":\"nl-NL\"},{\"@type\":\"Organization\",\"@id\":\"https:\/\/cwape-test-cms-draft.comaseinfo-support.be\/nl\/#organization\",\"name\":\"CWAPE\",\"url\":\"https:\/\/cwape-test-cms-draft.comaseinfo-support.be\/nl\/\",\"logo\":{\"@type\":\"ImageObject\",\"inLanguage\":\"nl-NL\",\"@id\":\"https:\/\/cwape-test-cms-draft.comaseinfo-support.be\/nl\/#\/schema\/logo\/image\/\",\"url\":\"https:\/\/cwape-test-cms-draft.comaseinfo-support.be\/wp-content\/uploads\/2023\/02\/DRAFT_ICON.png\",\"contentUrl\":\"https:\/\/cwape-test-cms-draft.comaseinfo-support.be\/wp-content\/uploads\/2023\/02\/DRAFT_ICON.png\",\"width\":406,\"height\":156,\"caption\":\"CWAPE\"},\"image\":{\"@id\":\"https:\/\/cwape-test-cms-draft.comaseinfo-support.be\/nl\/#\/schema\/logo\/image\/\"}}]}<\/script>\n<!-- \/ Yoast SEO plugin. -->","yoast_head_json":{"title":"Accueil - CWAPE","robots":{"index":"noindex","follow":"follow","max-snippet":"max-snippet:-1","max-image-preview":"max-image-preview:large","max-video-preview":"max-video-preview:-1"},"og_locale":"nl_NL","og_type":"article","og_title":"Accueil - CWAPE","og_description":"Comparateur des offres de fournisseurs NL Comparez l&#8217;ensemble des offres propos\u00e9es par les fournisseurs d&#8217;\u00e9lectricit\u00e9 et de gaz en R\u00e9gion Wallonne. draft","og_url":"https:\/\/cwape-test-cms-draft.comaseinfo-support.be\/nl\/","og_site_name":"CWAPE","article_modified_time":"2023-06-21T12:18:05+00:00","og_image":[{"width":400,"height":380,"url":"https:\/\/cwape-test-cms-draft.comaseinfo-support.be\/wp-content\/uploads\/2023\/02\/Homepage-400_380.jpg","type":"image\/jpeg"}],"twitter_card":"summary_large_image","schema":{"@context":"https:\/\/schema.org","@graph":[{"@type":"WebPage","@id":"https:\/\/cwape-test-cms-draft.comaseinfo-support.be\/nl\/","url":"https:\/\/cwape-test-cms-draft.comaseinfo-support.be\/nl\/","name":"Accueil - CWAPE","isPartOf":{"@id":"https:\/\/cwape-test-cms-draft.comaseinfo-support.be\/nl\/#website"},"datePublished":"2023-03-10T13:17:56+00:00","dateModified":"2023-06-21T12:18:05+00:00","breadcrumb":{"@id":"https:\/\/cwape-test-cms-draft.comaseinfo-support.be\/nl\/#breadcrumb"},"inLanguage":"nl-NL","potentialAction":[{"@type":"ReadAction","target":["https:\/\/cwape-test-cms-draft.comaseinfo-support.be\/nl\/"]}]},{"@type":"BreadcrumbList","@id":"https:\/\/cwape-test-cms-draft.comaseinfo-support.be\/nl\/#breadcrumb","itemListElement":[{"@type":"ListItem","position":1,"name":"Accueil","item":"https:\/\/cwape-test-cms-draft.comaseinfo-support.be\/nl\/accueil\/"},{"@type":"ListItem","position":2,"name":"Accueil"}]},{"@type":"WebSite","@id":"https:\/\/cwape-test-cms-draft.comaseinfo-support.be\/nl\/#website","url":"https:\/\/cwape-test-cms-draft.comaseinfo-support.be\/nl\/","name":"CWAPE","description":"Comparez l&#039;ensemble des offres propos\u00e9es par les fournisseurs d&#039;\u00e9lectricit\u00e9 et de gaz en R\u00e9gion Wallonne.","publisher":{"@id":"https:\/\/cwape-test-cms-draft.comaseinfo-support.be\/nl\/#organization"},"potentialAction":[{"@type":"SearchAction","target":{"@type":"EntryPoint","urlTemplate":"https:\/\/cwape-test-cms-draft.comaseinfo-support.be\/nl\/?s={search_term_string}"},"query-input":"required name=search_term_string"}],"inLanguage":"nl-NL"},{"@type":"Organization","@id":"https:\/\/cwape-test-cms-draft.comaseinfo-support.be\/nl\/#organization","name":"CWAPE","url":"https:\/\/cwape-test-cms-draft.comaseinfo-support.be\/nl\/","logo":{"@type":"ImageObject","inLanguage":"nl-NL","@id":"https:\/\/cwape-test-cms-draft.comaseinfo-support.be\/nl\/#\/schema\/logo\/image\/","url":"https:\/\/cwape-test-cms-draft.comaseinfo-support.be\/wp-content\/uploads\/2023\/02\/DRAFT_ICON.png","contentUrl":"https:\/\/cwape-test-cms-draft.comaseinfo-support.be\/wp-content\/uploads\/2023\/02\/DRAFT_ICON.png","width":406,"height":156,"caption":"CWAPE"},"image":{"@id":"https:\/\/cwape-test-cms-draft.comaseinfo-support.be\/nl\/#\/schema\/logo\/image\/"}}]}},"_links":{"self":[{"href":"https:\/\/cwape-test-cms-draft.comaseinfo-support.be\/nl\/wp-json\/wp\/v2\/pages\/768","targetHints":{"allow":["GET"]}}],"collection":[{"href":"https:\/\/cwape-test-cms-draft.comaseinfo-support.be\/nl\/wp-json\/wp\/v2\/pages"}],"about":[{"href":"https:\/\/cwape-test-cms-draft.comaseinfo-support.be\/nl\/wp-json\/wp\/v2\/types\/page"}],"author":[{"embeddable":true,"href":"https:\/\/cwape-test-cms-draft.comaseinfo-support.be\/nl\/wp-json\/wp\/v2\/users\/1"}],"replies":[{"embeddable":true,"href":"https:\/\/cwape-test-cms-draft.comaseinfo-support.be\/nl\/wp-json\/wp\/v2\/comments?post=768"}],"version-history":[{"count":2,"href":"https:\/\/cwape-test-cms-draft.comaseinfo-support.be\/nl\/wp-json\/wp\/v2\/pages\/768\/revisions"}],"predecessor-version":[{"id":773,"href":"https:\/\/cwape-test-cms-draft.comaseinfo-support.be\/nl\/wp-json\/wp\/v2\/pages\/768\/revisions\/773"}],"wp:featuredmedia":[{"embeddable":true,"href":"https:\/\/cwape-test-cms-draft.comaseinfo-support.be\/nl\/wp-json\/wp\/v2\/media\/362"}],"wp:attachment":[{"href":"https:\/\/cwape-test-cms-draft.comaseinfo-support.be\/nl\/wp-json\/wp\/v2\/media?parent=768"}],"curies":[{"name":"wp","href":"https:\/\/api.w.org\/{rel}","templated":true}]}}